{"id":200,"date":"2023-08-15T08:03:47","date_gmt":"2023-08-15T08:03:47","guid":{"rendered":"https:\/\/clubenautico.co.mz\/?page_id=200"},"modified":"2023-10-31T18:18:48","modified_gmt":"2023-10-31T18:18:48","slug":"natacao","status":"publish","type":"page","link":"https:\/\/clubenautico.co.mz\/index.php\/natacao\/","title":{"rendered":"Nata\u00e7\u00e3o"},"content":{"rendered":"\t\t<div data-elementor-type=\"wp-page\" data-elementor-id=\"200\" class=\"elementor elementor-200\">\n\t\t\t\t\t\t\t\t\t<section class=\"elementor-section elementor-top-section elementor-element elementor-element-42448fc elementor-section-boxed elementor-section-height-default elementor-section-height-default wpr-particle-no wpr-jarallax-no wpr-parallax-no wpr-sticky-section-no\" data-id=\"42448fc\" data-element_type=\"section\" data-settings=\"{&quot;background_background&quot;:&quot;classic&quot;}\">\n\t\t\t\t\t\t\t<div class=\"elementor-background-overlay\"><\/div>\n\t\t\t\t\t\t\t<div class=\"elementor-container elementor-column-gap-default\">\n\t\t\t\t\t<div class=\"elementor-column elementor-col-100 elementor-top-column elementor-element elementor-element-2a72655\" data-id=\"2a72655\" data-element_type=\"column\">\n\t\t\t<div class=\"elementor-widget-wrap elementor-element-populated\">\n\t\t\t\t\t\t\t\t<div class=\"elementor-element elementor-element-80c54a9 elementor-widget elementor-widget-heading\" data-id=\"80c54a9\" data-element_type=\"widget\" data-widget_type=\"heading.default\">\n\t\t\t\t<div class=\"elementor-widget-container\">\n\t\t\t<style>\/*! elementor - v3.18.0 - 20-12-2023 *\/\n.elementor-heading-title{padding:0;margin:0;line-height:1}.elementor-widget-heading .elementor-heading-title[class*=elementor-size-]>a{color:inherit;font-size:inherit;line-height:inherit}.elementor-widget-heading .elementor-heading-title.elementor-size-small{font-size:15px}.elementor-widget-heading .elementor-heading-title.elementor-size-medium{font-size:19px}.elementor-widget-heading .elementor-heading-title.elementor-size-large{font-size:29px}.elementor-widget-heading .elementor-heading-title.elementor-size-xl{font-size:39px}.elementor-widget-heading .elementor-heading-title.elementor-size-xxl{font-size:59px}<\/style><h2 class=\"elementor-heading-title elementor-size-default\">Nata\u00e7\u00e3o<\/h2>\t\t<\/div>\n\t\t\t\t<\/div>\n\t\t\t\t<div class=\"elementor-element elementor-element-8d05d58 elementor-widget elementor-widget-text-editor\" data-id=\"8d05d58\" data-element_type=\"widget\" data-widget_type=\"text-editor.default\">\n\t\t\t\t<div class=\"elementor-widget-container\">\n\t\t\t<style>\/*! elementor - v3.18.0 - 20-12-2023 *\/\n.elementor-widget-text-editor.elementor-drop-cap-view-stacked .elementor-drop-cap{background-color:#69727d;color:#fff}.elementor-widget-text-editor.elementor-drop-cap-view-framed .elementor-drop-cap{color:#69727d;border:3px solid;background-color:transparent}.elementor-widget-text-editor:not(.elementor-drop-cap-view-default) .elementor-drop-cap{margin-top:8px}.elementor-widget-text-editor:not(.elementor-drop-cap-view-default) .elementor-drop-cap-letter{width:1em;height:1em}.elementor-widget-text-editor .elementor-drop-cap{float:left;text-align:center;line-height:1;font-size:50px}.elementor-widget-text-editor .elementor-drop-cap-letter{display:inline-block}<\/style>\t\t\t\t<p>A nata\u00e7\u00e3o \u00e9 uma arte que une movimento fluido e eficiente com um ambiente aqu\u00e1tico. No Clube N\u00e1utico, proporcionamos um espa\u00e7o seguro e estimulante para voc\u00ea aprender a nadar, aprimorar suas t\u00e9cnicas e desfrutar dos in\u00fameros benef\u00edcios que essa atividade traz.<\/p>\t\t\t\t\t\t<\/div>\n\t\t\t\t<\/div>\n\t\t\t\t<div class=\"elementor-element elementor-element-f3218ae elementor-widget-divider--view-line elementor-widget elementor-widget-divider\" data-id=\"f3218ae\" data-element_type=\"widget\" data-widget_type=\"divider.default\">\n\t\t\t\t<div class=\"elementor-widget-container\">\n\t\t\t<style>\/*! elementor - v3.18.0 - 20-12-2023 *\/\n.elementor-widget-divider{--divider-border-style:none;--divider-border-width:1px;--divider-color:#0c0d0e;--divider-icon-size:20px;--divider-element-spacing:10px;--divider-pattern-height:24px;--divider-pattern-size:20px;--divider-pattern-url:none;--divider-pattern-repeat:repeat-x}.elementor-widget-divider .elementor-divider{display:flex}.elementor-widget-divider .elementor-divider__text{font-size:15px;line-height:1;max-width:95%}.elementor-widget-divider .elementor-divider__element{margin:0 var(--divider-element-spacing);flex-shrink:0}.elementor-widget-divider .elementor-icon{font-size:var(--divider-icon-size)}.elementor-widget-divider .elementor-divider-separator{display:flex;margin:0;direction:ltr}.elementor-widget-divider--view-line_icon .elementor-divider-separator,.elementor-widget-divider--view-line_text .elementor-divider-separator{align-items:center}.elementor-widget-divider--view-line_icon .elementor-divider-separator:after,.elementor-widget-divider--view-line_icon .elementor-divider-separator:before,.elementor-widget-divider--view-line_text .elementor-divider-separator:after,.elementor-widget-divider--view-line_text .elementor-divider-separator:before{display:block;content:\"\";border-bottom:0;flex-grow:1;border-top:var(--divider-border-width) var(--divider-border-style) var(--divider-color)}.elementor-widget-divider--element-align-left .elementor-divider .elementor-divider-separator>.elementor-divider__svg:first-of-type{flex-grow:0;flex-shrink:100}.elementor-widget-divider--element-align-left .elementor-divider-separator:before{content:none}.elementor-widget-divider--element-align-left .elementor-divider__element{margin-left:0}.elementor-widget-divider--element-align-right .elementor-divider .elementor-divider-separator>.elementor-divider__svg:last-of-type{flex-grow:0;flex-shrink:100}.elementor-widget-divider--element-align-right .elementor-divider-separator:after{content:none}.elementor-widget-divider--element-align-right .elementor-divider__element{margin-right:0}.elementor-widget-divider:not(.elementor-widget-divider--view-line_text):not(.elementor-widget-divider--view-line_icon) .elementor-divider-separator{border-top:var(--divider-border-width) var(--divider-border-style) var(--divider-color)}.elementor-widget-divider--separator-type-pattern{--divider-border-style:none}.elementor-widget-divider--separator-type-pattern.elementor-widget-divider--view-line .elementor-divider-separator,.elementor-widget-divider--separator-type-pattern:not(.elementor-widget-divider--view-line) .elementor-divider-separator:after,.elementor-widget-divider--separator-type-pattern:not(.elementor-widget-divider--view-line) .elementor-divider-separator:before,.elementor-widget-divider--separator-type-pattern:not([class*=elementor-widget-divider--view]) .elementor-divider-separator{width:100%;min-height:var(--divider-pattern-height);-webkit-mask-size:var(--divider-pattern-size) 100%;mask-size:var(--divider-pattern-size) 100%;-webkit-mask-repeat:var(--divider-pattern-repeat);mask-repeat:var(--divider-pattern-repeat);background-color:var(--divider-color);-webkit-mask-image:var(--divider-pattern-url);mask-image:var(--divider-pattern-url)}.elementor-widget-divider--no-spacing{--divider-pattern-size:auto}.elementor-widget-divider--bg-round{--divider-pattern-repeat:round}.rtl .elementor-widget-divider .elementor-divider__text{direction:rtl}.e-con-inner>.elementor-widget-divider,.e-con>.elementor-widget-divider{width:var(--container-widget-width,100%);--flex-grow:var(--container-widget-flex-grow)}<\/style>\t\t<div class=\"elementor-divider\">\n\t\t\t<span class=\"elementor-divider-separator\">\n\t\t\t\t\t\t<\/span>\n\t\t<\/div>\n\t\t\t\t<\/div>\n\t\t\t\t<\/div>\n\t\t\t\t<section class=\"elementor-section elementor-inner-section elementor-element elementor-element-6f0c83a elementor-section-boxed elementor-section-height-default elementor-section-height-default wpr-particle-no wpr-jarallax-no wpr-parallax-no wpr-sticky-section-no\" data-id=\"6f0c83a\" data-element_type=\"section\">\n\t\t\t\t\t\t<div class=\"elementor-container elementor-column-gap-default\">\n\t\t\t\t\t<div class=\"elementor-column elementor-col-50 elementor-inner-column elementor-element elementor-element-cc57a69\" data-id=\"cc57a69\" data-element_type=\"column\">\n\t\t\t<div class=\"elementor-widget-wrap elementor-element-populated\">\n\t\t\t\t\t\t\t\t<div class=\"elementor-element elementor-element-2609742 elementor-widget elementor-widget-heading\" data-id=\"2609742\" data-element_type=\"widget\" data-widget_type=\"heading.default\">\n\t\t\t\t<div class=\"elementor-widget-container\">\n\t\t\t<h2 class=\"elementor-heading-title elementor-size-default\">Informa\u00e7\u00f5es \u00dateis<\/h2>\t\t<\/div>\n\t\t\t\t<\/div>\n\t\t\t\t<div class=\"elementor-element elementor-element-6744dcc elementor-widget elementor-widget-text-editor\" data-id=\"6744dcc\" data-element_type=\"widget\" data-widget_type=\"text-editor.default\">\n\t\t\t\t<div class=\"elementor-widget-container\">\n\t\t\t\t\t\t\t<h4 style=\"color: white;\">HOR\u00c1RIO<\/h4><p>A piscina est\u00e1 dispon\u00edvel todos dias, das 06h00 as 21h00<br \/>Aulas de Nata\u00e7\u00e3o, de segunda a sexta em 03 periodos:<br \/><br \/><br \/>Manh\u00e3<br \/>07h30 \u2013 08h30 ;<br \/>8h30 \u2013 9h30;<br \/><br \/><\/p><p>Tarde:<br \/>14h30 \u2013 15h30;<br \/>15h30 \u2013 16h30;<br \/>16h30 \u2013 17h30;<br \/><br \/><\/p><p>Noite :<br \/>18h00 \u2013 19h00;<br \/>19h00 \u2013 20h00<\/p><div>\u00a0<\/div>\t\t\t\t\t\t<\/div>\n\t\t\t\t<\/div>\n\t\t\t\t\t<\/div>\n\t\t<\/div>\n\t\t\t\t<div class=\"elementor-column elementor-col-50 elementor-inner-column elementor-element elementor-element-8882273\" data-id=\"8882273\" data-element_type=\"column\">\n\t\t\t<div class=\"elementor-widget-wrap elementor-element-populated\">\n\t\t\t\t\t\t\t\t<div class=\"elementor-element elementor-element-533f00e elementor-widget elementor-widget-text-editor\" data-id=\"533f00e\" data-element_type=\"widget\" data-widget_type=\"text-editor.default\">\n\t\t\t\t<div class=\"elementor-widget-container\">\n\t\t\t\t\t\t\t<h4 style=\"color: white;\">AULAS DE NATA\u00c7\u00c3O<\/h4><h5 style=\"color: white;\">ADULTOS<\/h5><h5 style=\"color: white;\">S\u00d3CIOS<\/h5><p>S\u00f3cios \u2013 Est\u00e3o isentos da taxa de inscri\u00e7\u00e3o<br \/>Mensalidade &#8212;&#8212;&#8212;&#8212;&#8211; 1,500.00MT \/ 3x por Semana<br \/>Mensalidade &#8212;&#8212;&#8212;&#8212;&#8211; 2,000.00MT \/ 5x por Semana<\/p><h5 style=\"color: white;\">N\u00c3O S\u00d3CIOS<\/h5><p>Inscri\u00e7\u00e3o &#8212;&#8212;&#8212;&#8212;&#8212;&#8212;- 3,000.00MT<br \/>Mensalidade &#8212;&#8212;&#8212;&#8212;&#8211; 2,500.00MT \/ 3x por Semana<\/p><h5 style=\"color: white;\">CRIAN\u00c7AS<\/h5><h5 style=\"color: white;\">S\u00d3CIOS<\/h5><p>Isentos da Taxa de Inscri\u00e7\u00e3o<br \/>Mensalidade &#8212;&#8212;&#8212;&#8212;&#8212;&#8212;- 750,00MT\/ 3x por Semana<br \/>Mensalidade &#8212;&#8212;&#8212;&#8212;&#8212;&#8212;- 1,000.00MT\/ 3x por Semana<\/p><h5 style=\"color: white;\">N\u00c3O S\u00d3CIO<\/h5><p>Inscri\u00e7\u00e3o &#8212;&#8212;&#8212;&#8212;&#8212;&#8212;- 2,500.00MT<br \/>Mensalidade &#8212;&#8212;&#8212;&#8212;&#8211; 2,000.00MT \/ 3x por Semana<br \/>Mensalidade &#8212;&#8212;&#8212;&#8212;&#8211; 3,500.00MT \/ 5x por Semana<\/p><div>\u00a0<\/div>\t\t\t\t\t\t<\/div>\n\t\t\t\t<\/div>\n\t\t\t\t\t<\/div>\n\t\t<\/div>\n\t\t\t\t\t\t\t<\/div>\n\t\t<\/section>\n\t\t\t\t<div class=\"elementor-element elementor-element-831c8ba elementor-widget elementor-widget-text-editor\" data-id=\"831c8ba\" data-element_type=\"widget\" data-widget_type=\"text-editor.default\">\n\t\t\t\t<div class=\"elementor-widget-container\">\n\t\t\t\t\t\t\t<h4 style=\"color: white;\">RESERVA<\/h4><div>A marca\u00e7\u00e3o do treino pode ser efectuada na Secretaria do Clube com 24 horas de anteced\u00eancia<\/div>\t\t\t\t\t\t<\/div>\n\t\t\t\t<\/div>\n\t\t\t\t\t<\/div>\n\t\t<\/div>\n\t\t\t\t\t\t\t<\/div>\n\t\t<\/section>\n\t\t\t\t\t\t\t<\/div>\n\t\t","protected":false},"excerpt":{"rendered":"<p>Nata\u00e7\u00e3o A nata\u00e7\u00e3o \u00e9 uma arte que une movimento fluido e eficiente com um ambiente aqu\u00e1tico. No Clube N\u00e1utico, proporcionamos um espa\u00e7o seguro e estimulante para voc\u00ea aprender a nadar, aprimorar suas t\u00e9cnicas e desfrutar dos in\u00fameros benef\u00edcios que essa atividade traz. Informa\u00e7\u00f5es \u00dateis HOR\u00c1RIO A piscina est\u00e1 dispon\u00edvel todos dias, das 06h00 as 21h00Aulas [&hellip;]<\/p>\n","protected":false},"author":1,"featured_media":0,"parent":0,"menu_order":0,"comment_status":"closed","ping_status":"closed","template":"","meta":{"om_disable_all_campaigns":false,"_monsterinsights_skip_tracking":false,"_monsterinsights_sitenote_active":false,"_monsterinsights_sitenote_note":"","_monsterinsights_sitenote_category":0,"footnotes":""},"aioseo_notices":[],"_links":{"self":[{"href":"https:\/\/clubenautico.co.mz\/index.php\/wp-json\/wp\/v2\/pages\/200"}],"collection":[{"href":"https:\/\/clubenautico.co.mz\/index.php\/wp-json\/wp\/v2\/pages"}],"about":[{"href":"https:\/\/clubenautico.co.mz\/index.php\/wp-json\/wp\/v2\/types\/page"}],"author":[{"embeddable":true,"href":"https:\/\/clubenautico.co.mz\/index.php\/wp-json\/wp\/v2\/users\/1"}],"replies":[{"embeddable":true,"href":"https:\/\/clubenautico.co.mz\/index.php\/wp-json\/wp\/v2\/comments?post=200"}],"version-history":[{"count":13,"href":"https:\/\/clubenautico.co.mz\/index.php\/wp-json\/wp\/v2\/pages\/200\/revisions"}],"predecessor-version":[{"id":648,"href":"https:\/\/clubenautico.co.mz\/index.php\/wp-json\/wp\/v2\/pages\/200\/revisions\/648"}],"wp:attachment":[{"href":"https:\/\/clubenautico.co.mz\/index.php\/wp-json\/wp\/v2\/media?parent=200"}],"curies":[{"name":"wp","href":"https:\/\/api.w.org\/{rel}","templated":true}]}}